{"id":1901,"date":"2018-09-11T14:40:39","date_gmt":"2018-09-11T14:40:39","guid":{"rendered":"http:\/\/www.difrol.cl\/what-is-difrol\/"},"modified":"2025-08-26T12:48:55","modified_gmt":"2025-08-26T15:48:55","slug":"about-us","status":"publish","type":"page","link":"https:\/\/www.difrol.cl\/en\/about-us\/","title":{"rendered":"About us"},"content":{"rendered":"<div class=\"wpb-content-wrapper\"><p>[vc_row type=&#8221;vc_default&#8221; margin_top=&#8221;5&#8243; margin_bottom=&#8221;15&#8243; css=&#8221;.vc_custom_1493829267800{padding-top: 70px !important;}&#8221;][vc_column]<div id=\"ultimate-heading-46269e830652132c\" class=\"uvc-heading ult-adjust-bottom-margin ultimate-heading-46269e830652132c uvc-6264 accent-border-color\" data-hspacer=\"line_only\"  data-halign=\"left\" style=\"text-align:left\"><div class=\"uvc-main-heading ult-responsive\"  data-ultimate-target='.uvc-heading.ultimate-heading-46269e830652132c h2'  data-responsive-json-new='{\"font-size\":\"desktop:26px;\",\"line-height\":\"desktop:36px;\"}' ><h2 style=\"font-weight:bold;\">What is DIFROL?<\/h2><\/div><div class=\"uvc-heading-spacer line_only\" style=\"margin-top:15px;margin-bottom:50px;height:4px;\"><span class=\"uvc-headings-line\" style=\"border-style:solid;border-bottom-width:4px;border-color:;width:50px;\"><\/span><\/div><div class=\"uvc-sub-heading ult-responsive\"  data-ultimate-target='.uvc-heading.ultimate-heading-46269e830652132c .uvc-sub-heading '  data-responsive-json-new='{\"font-size\":\"desktop:20px;\",\"line-height\":\"desktop:30px;\"}'  style=\"font-weight:normal;\">The National Department of State Borders and Boundaries (DIFROL, by its Spanish acronym) is an advisory agency of the Ministry of Foreign Affairs of Chile, whose main mission is to preserve and strengthen the territorial integrity of the country, providing professional and technical advice, in the legal field and in the relating to earth sciences, to the Supreme Government in matters of borders and limits. DIFROL also advises the Supreme Government in the negotiation of agreements, as well as in the participation in international forums and meetings on issues related to Chile&#8217;s international boundaries and physical, Neighborly and regional integration policies, through the Ministry of Foreign Affairs<\/p>\n<p>Our institution carries out its work through its two Departments: the Borders Department and the Boundaries Department, in addition to the dependency units of the National Department.<\/div><\/div>[vc_empty_space][\/vc_column][vc_column width=&#8221;1\/2&#8243; offset=&#8221;vc_col-lg-6 vc_col-md-6 vc_col-xs-12&#8243; css=&#8221;.vc_custom_1493829169670{padding-bottom: 70px !important;}&#8221;]<div id=\"ultimate-heading-756569e83065213b2\" class=\"uvc-heading ult-adjust-bottom-margin ultimate-heading-756569e83065213b2 uvc-5790 accent-border-color uvc-heading-default-font-sizes\" data-hspacer=\"line_only\"  data-halign=\"left\" style=\"text-align:left\"><div class=\"uvc-main-heading ult-responsive\"  data-ultimate-target='.uvc-heading.ultimate-heading-756569e83065213b2 h3'  data-responsive-json-new='{\"font-size\":\"\",\"line-height\":\"\"}' ><h3 style=\"--font-weight:theme;\">Department of Borders<\/h3><\/div><div class=\"uvc-heading-spacer line_only\" style=\"margin-top:15px;margin-bottom:40px;height:4px;\"><span class=\"uvc-headings-line\" style=\"border-style:solid;border-bottom-width:4px;border-color:;width:50px;\"><\/span><\/div><\/div><div class=\"standard-number-list bullet-top\"><ul>\n<li style=\"text-align: justify;\">Guide the application of program for the development of the border area, acting as a coordinating agency on matters within its competence, between ministries and other institutions of the State Administration.<\/li>\n<li style=\"text-align: justify;\">Provide technical coordination to agencies of the State Administration and, bilaterally, with the neighboring countries, for the operation of control services on matters of physical integration, the opening and closing of border crossing points, the development of transboundary interconnecting roads, the bi-oceanic corridors, as well as in other matters assigned to it by Law.<\/li>\n<li style=\"text-align: justify;\">Coordinate tasks of the Boundary Committees.<\/li>\n<li style=\"text-align: justify;\">Authorize expeditions in the border area by persons having their legal residence abroad.<\/li>\n<li style=\"text-align: justify;\">Authorize the sale, lease, concession, and other contracts regarding immovable properties located in the border area.<\/li>\n<li style=\"text-align: justify;\">Participate in the authorization procedures for acquiring rights to immovable property applicable to the nationals from neighboring countries.<\/li>\n<\/ul>\n<\/div>[\/vc_column][vc_column width=&#8221;1\/2&#8243; offset=&#8221;vc_col-lg-6 vc_col-md-6 vc_col-xs-12&#8243; css=&#8221;.vc_custom_1493829183360{padding-bottom: 70px !important;}&#8221;]<div id=\"ultimate-heading-830969e830652148a\" class=\"uvc-heading ult-adjust-bottom-margin ultimate-heading-830969e830652148a uvc-5473 accent-border-color uvc-heading-default-font-sizes\" data-hspacer=\"line_only\"  data-halign=\"left\" style=\"text-align:left\"><div class=\"uvc-main-heading ult-responsive\"  data-ultimate-target='.uvc-heading.ultimate-heading-830969e830652148a h3'  data-responsive-json-new='{\"font-size\":\"\",\"line-height\":\"\"}' ><h3 style=\"--font-weight:theme;\">Department of Boundaries<\/h3><\/div><div class=\"uvc-heading-spacer line_only\" style=\"margin-top:15px;margin-bottom:40px;height:4px;\"><span class=\"uvc-headings-line\" style=\"border-style:solid;border-bottom-width:4px;border-color:;width:50px;\"><\/span><\/div><\/div><div class=\"standard-number-list bullet-top\"><ul>\n<li style=\"text-align: justify;\">Interpret the treaties and other instruments that set the land, maritime, and air boundaries of Chile.<\/li>\n<li>Chair the Chilean Boundary Commission and work with the Mixed Boundary Commissions of Argentina, Bolivia and Peru, both in cabinet work and in the field.<\/li>\n<li style=\"text-align: justify;\">Replace and densify boundary markers on the border and determine their geographic coordinates.<\/li>\n<li style=\"text-align: justify;\">Authorize the admission of maps, geographic maps, and publications which contain representations of or references to the international boundaries of Chile, and reviews them for the purpose of authorizing their edition or circulation in Chile.<\/li>\n<li>Advise public and private organizations in determining the international limit in the field.<\/li>\n<\/ul>\n<\/div>[\/vc_column][\/vc_row][vc_row bg_type=&#8221;bg_color&#8221; bg_override=&#8221;ex-full&#8221; type=&#8221;vc_default&#8221; css=&#8221;.vc_custom_1493828377672{padding-top: 70px !important;}&#8221; bg_color_value=&#8221;#f4f4f4&#8243;][vc_column offset=&#8221;vc_col-xs-12&#8243; css=&#8221;.vc_custom_1525455464328{padding-bottom: 30px !important;}&#8221;]<div id=\"ultimate-heading-213369e8306521579\" class=\"uvc-heading ult-adjust-bottom-margin ultimate-heading-213369e8306521579 uvc-1215 accent-border-color\" data-hspacer=\"line_only\"  data-halign=\"left\" style=\"text-align:left\"><div class=\"uvc-main-heading ult-responsive\"  data-ultimate-target='.uvc-heading.ultimate-heading-213369e8306521579 h2'  data-responsive-json-new='{\"font-size\":\"desktop:26px;\",\"line-height\":\"desktop:36px;\"}' ><h2 style=\"font-weight:bold;\">Our Authorities<\/h2><\/div><div class=\"uvc-heading-spacer line_only\" style=\"margin-top:15px;margin-bottom:50px;height:4px;\"><span class=\"uvc-headings-line\" style=\"border-style:solid;border-bottom-width:4px;border-color:;width:50px;\"><\/span><\/div><\/div>[vc_row_inner css=&#8221;.vc_custom_1493828264162{padding-bottom: 20px !important;}&#8221;][vc_column_inner width=&#8221;1\/3&#8243; css=&#8221;.vc_custom_1525455519164{padding-bottom: 30px !important;}&#8221;]<style type=\"text\/css\" data-type=\"the7_shortcodes-inline-css\">.shortcode-single-image-wrap.shortcode-single-image-9d3f7fb9ac335650ff4717b042d57921.enable-bg-rollover .rollover i,\n.shortcode-single-image-wrap.shortcode-single-image-9d3f7fb9ac335650ff4717b042d57921.enable-bg-rollover .rollover-video i {\n  background: -webkit-linear-gradient();\n  background: linear-gradient();\n}\n.shortcode-single-image-wrap.shortcode-single-image-9d3f7fb9ac335650ff4717b042d57921 .rollover-icon {\n  font-size: 32px;\n  color: #ffffff;\n  min-width: 44px;\n  min-height: 44px;\n  line-height: 44px;\n  border-radius: 100px;\n  border-style: solid;\n  border-width: 0px;\n}\n.dt-icon-bg-on.shortcode-single-image-wrap.shortcode-single-image-9d3f7fb9ac335650ff4717b042d57921 .rollover-icon {\n  background: rgba(255,255,255,0.3);\n  box-shadow: none;\n}<\/style><div class=\"shortcode-single-image-wrap shortcode-single-image-9d3f7fb9ac335650ff4717b042d57921 alignnone  enable-bg-rollover dt-icon-bg-off\" style=\"margin-top:0px; margin-bottom:0px; margin-left:0px; margin-right:0px; width:700px;\"><div class=\"shortcode-single-image\"><div class=\"fancy-media-wrap  layzr-bg\" style=\"\"><img fetchpriority=\"high\" decoding=\"async\" class=\"preload-me lazy-load aspect\" src=\"data:image\/svg+xml,%3Csvg%20xmlns%3D&#39;http%3A%2F%2Fwww.w3.org%2F2000%2Fsvg&#39;%20viewBox%3D&#39;0%200%20700%20700&#39;%2F%3E\" data-src=\"https:\/\/www.difrol.cl\/wp-content\/uploads\/2018\/05\/CarlosDettleffBeros-700x700.jpg\" data-srcset=\"https:\/\/www.difrol.cl\/wp-content\/uploads\/2018\/05\/CarlosDettleffBeros-700x700.jpg 700w, https:\/\/www.difrol.cl\/wp-content\/uploads\/2018\/05\/CarlosDettleffBeros-1400x1400.jpg 1400w\" loading=\"eager\" sizes=\"(max-width: 700px) 100vw, 700px\" width=\"700\" height=\"700\"  data-dt-location=\"https:\/\/www.difrol.cl\/en\/que-es-difrol\/carlosdettleffberos\/\" style=\"--ratio: 700 \/ 700;\" alt=\"\" \/><\/div><\/div><\/div>[\/vc_column_inner][vc_column_inner width=&#8221;2\/3&#8243; css=&#8221;.vc_custom_1525455536118{padding-bottom: 30px !important;}&#8221;]<div id=\"ultimate-heading-846469e8306522268\" class=\"uvc-heading ult-adjust-bottom-margin ultimate-heading-846469e8306522268 uvc-7720 \" data-hspacer=\"no_spacer\"  data-halign=\"left\" style=\"text-align:left\"><div class=\"uvc-heading-spacer no_spacer\" style=\"top\"><\/div><div class=\"uvc-main-heading ult-responsive\"  data-ultimate-target='.uvc-heading.ultimate-heading-846469e8306522268 h2'  data-responsive-json-new='{\"font-size\":\"desktop:20px;\",\"line-height\":\"desktop:30px;\"}' ><h2 style=\"font-weight:bold;\">Carlos Dettleff Beros<\/h2><\/div><div class=\"uvc-sub-heading ult-responsive\"  data-ultimate-target='.uvc-heading.ultimate-heading-846469e8306522268 .uvc-sub-heading '  data-responsive-json-new='{\"font-size\":\"desktop:16px;\",\"line-height\":\"desktop:26px;\"}'  style=\"font-weight:bold;color:#bbbbbb;margin-bottom:20px;\">National Director<\/div><\/div>[vc_column_text css=&#8221;.vc_custom_1646675477420{padding-bottom: 20px !important;}&#8221;]<\/p>\n<p style=\"text-align: justify;\">Lawyer and anthropologist Carlos Dettleff has been Director of Frontiers since September 2017 and was appointed through the Senior Executive Service System.<\/p>\n<p style=\"text-align: justify;\">Mr. Dettleff graduated from the Andres Bello Diplomatic Academy and has a Master\u2019s degree in International Economic Law from the University of Warwick. He is currently a professor of Public International Law at the University of Chile, he also teaches at the LLM at the Pontificia Universidad Cat\u00f3lica de Chile and of the LLM at the University of Heidelberg in Latin America.<\/p>\n<p style=\"text-align: justify;\">He previously worked as a legal advisor to the European Commission Delegation in Chile. He also worked in the Foreign Investment Committee.<\/p>\n<p>[\/vc_column_text]<div class=\"aio-icon-component  vc_custom_1600975114160   style_1\"><div id=\"Info-box-wrap-7544\" class=\"aio-icon-box default-icon\" style=\"\"  ><div class=\"aio-icon-header\" ><h3 class=\"aio-icon-title ult-responsive\"  data-ultimate-target='#Info-box-wrap-7544 .aio-icon-title'  data-responsive-json-new='{\"font-size\":\"desktop:12px;\",\"line-height\":\"desktop:22px;\"}'  style=\"font-weight:bold;\">Telephone (56-2) 24135765<\/h3><\/div> <!-- header --><\/div> <!-- aio-icon-box --><\/div> <!-- aio-icon-component -->[\/vc_column_inner][\/vc_row_inner][vc_row_inner css=&#8221;.vc_custom_1493828264162{padding-bottom: 20px !important;}&#8221;][vc_column_inner width=&#8221;1\/3&#8243; css=&#8221;.vc_custom_1525455519164{padding-bottom: 30px !important;}&#8221;]<style type=\"text\/css\" data-type=\"the7_shortcodes-inline-css\">.shortcode-single-image-wrap.shortcode-single-image-a7f1098babda27a7a546919bafd4b3cd.enable-bg-rollover .rollover i,\n.shortcode-single-image-wrap.shortcode-single-image-a7f1098babda27a7a546919bafd4b3cd.enable-bg-rollover .rollover-video i {\n  background: -webkit-linear-gradient();\n  background: linear-gradient();\n}\n.shortcode-single-image-wrap.shortcode-single-image-a7f1098babda27a7a546919bafd4b3cd .rollover-icon {\n  font-size: 32px;\n  color: #ffffff;\n  min-width: 44px;\n  min-height: 44px;\n  line-height: 44px;\n  border-radius: 100px;\n  border-style: solid;\n  border-width: 0px;\n}\n.dt-icon-bg-on.shortcode-single-image-wrap.shortcode-single-image-a7f1098babda27a7a546919bafd4b3cd .rollover-icon {\n  background: rgba(255,255,255,0.3);\n  box-shadow: none;\n}<\/style><div class=\"shortcode-single-image-wrap shortcode-single-image-a7f1098babda27a7a546919bafd4b3cd alignnone  enable-bg-rollover dt-icon-bg-off\" style=\"margin-top:0px; margin-bottom:0px; margin-left:0px; margin-right:0px; width:700px;\"><div class=\"shortcode-single-image\"><div class=\"fancy-media-wrap  layzr-bg\" style=\"\"><img decoding=\"async\" class=\"preload-me lazy-load aspect\" src=\"data:image\/svg+xml,%3Csvg%20xmlns%3D&#39;http%3A%2F%2Fwww.w3.org%2F2000%2Fsvg&#39;%20viewBox%3D&#39;0%200%20570%20570&#39;%2F%3E\" data-src=\"https:\/\/www.difrol.cl\/wp-content\/uploads\/2022\/03\/shawa_2-570x570.png\" data-srcset=\"https:\/\/www.difrol.cl\/wp-content\/uploads\/2022\/03\/shawa_2-570x570.png 570w\" loading=\"eager\" sizes=\"(max-width: 570px) 100vw, 570px\" width=\"570\" height=\"570\"  data-dt-location=\"https:\/\/www.difrol.cl\/en\/about-us\/shawa_2-2\/\" style=\"--ratio: 570 \/ 570;\" alt=\"\" \/><\/div><\/div><\/div>[\/vc_column_inner][vc_column_inner width=&#8221;2\/3&#8243; css=&#8221;.vc_custom_1525455536118{padding-bottom: 30px !important;}&#8221;]<div id=\"ultimate-heading-564569e8306522c64\" class=\"uvc-heading ult-adjust-bottom-margin ultimate-heading-564569e8306522c64 uvc-3917 \" data-hspacer=\"no_spacer\"  data-halign=\"left\" style=\"text-align:left\"><div class=\"uvc-heading-spacer no_spacer\" style=\"top\"><\/div><div class=\"uvc-main-heading ult-responsive\"  data-ultimate-target='.uvc-heading.ultimate-heading-564569e8306522c64 h2'  data-responsive-json-new='{\"font-size\":\"desktop:20px;\",\"line-height\":\"desktop:30px;\"}' ><h2 style=\"font-weight:bold;\">Samy Hawa Arellano<\/h2><\/div><div class=\"uvc-sub-heading ult-responsive\"  data-ultimate-target='.uvc-heading.ultimate-heading-564569e8306522c64 .uvc-sub-heading '  data-responsive-json-new='{\"font-size\":\"desktop:16px;\",\"line-height\":\"desktop:26px;\"}'  style=\"font-weight:bold;color:#bbbbbb;margin-bottom:20px;\">Director of Boundaries<\/div><\/div>[vc_column_text css=&#8221;.vc_custom_1756223330891{padding-bottom: 20px !important;}&#8221;]<\/p>\n<p style=\"text-align: justify;\">Attorney and Naval Polytechnic Engineer, Samy Hawa has been Director of Boundaries since March 2020 and was elected through the Senior Executive Service System.<\/p>\n<p style=\"text-align: justify;\">Mr. Hawa studied law at the University of the Americas. He holds a Master\u2019s degree in Private Law from the Universidad Cat\u00f3lica de la Sant\u00edsima Concepci\u00f3n and a Master\u2019s degree in Naval and Maritime Sciences from the Naval Polytechnic Academy.<\/p>\n<p style=\"text-align: justify;\">He has worked as a professor of International Law at the Universities Americas and Andr\u00e9s Bello in Concepci\u00f3n, at the National Academy of Political and Strategic Studies (ANEPE), at the Joint Center for United Nations Operations (CECOPAC) and is currently a professor of Private International Law and Immigration Law at the University of Talca and the University of Santiago, Chile.<\/p>\n<p style=\"text-align: justify;\">He has served in the United Nations peace missions in Cyprus (UNFICYP), Haiti (MINUSTAH), and at the UN headquarters in New York for the COE \u2013 MOU negotiation.<\/p>\n<p>[\/vc_column_text]<div class=\"aio-icon-component  vc_custom_1600975133082   style_1\"><div id=\"Info-box-wrap-3898\" class=\"aio-icon-box default-icon\" style=\"\"  ><div class=\"aio-icon-header\" ><h3 class=\"aio-icon-title ult-responsive\"  data-ultimate-target='#Info-box-wrap-3898 .aio-icon-title'  data-responsive-json-new='{\"font-size\":\"desktop:12px;\",\"line-height\":\"desktop:22px;\"}'  style=\"font-weight:bold;\">Telephone (56-2) 24135718<\/h3><\/div> <!-- header --><\/div> <!-- aio-icon-box --><\/div> <!-- aio-icon-component -->[\/vc_column_inner][\/vc_row_inner][vc_row_inner css=&#8221;.vc_custom_1493828264162{padding-bottom: 20px !important;}&#8221;][vc_column_inner width=&#8221;1\/3&#8243; css=&#8221;.vc_custom_1525455519164{padding-bottom: 30px !important;}&#8221;]<style type=\"text\/css\" data-type=\"the7_shortcodes-inline-css\">.shortcode-single-image-wrap.shortcode-single-image-7afd18beea4161748a22b886152e4e87.enable-bg-rollover .rollover i,\n.shortcode-single-image-wrap.shortcode-single-image-7afd18beea4161748a22b886152e4e87.enable-bg-rollover .rollover-video i {\n  background: -webkit-linear-gradient();\n  background: linear-gradient();\n}\n.shortcode-single-image-wrap.shortcode-single-image-7afd18beea4161748a22b886152e4e87 .rollover-icon {\n  font-size: 32px;\n  color: #ffffff;\n  min-width: 44px;\n  min-height: 44px;\n  line-height: 44px;\n  border-radius: 100px;\n  border-style: solid;\n  border-width: 0px;\n}\n.dt-icon-bg-on.shortcode-single-image-wrap.shortcode-single-image-7afd18beea4161748a22b886152e4e87 .rollover-icon {\n  background: rgba(255,255,255,0.3);\n  box-shadow: none;\n}<\/style><div class=\"shortcode-single-image-wrap shortcode-single-image-7afd18beea4161748a22b886152e4e87 alignnone  enable-bg-rollover dt-icon-bg-off\" style=\"margin-top:0px; margin-bottom:0px; margin-left:0px; margin-right:0px; width:700px;\"><div class=\"shortcode-single-image\"><div class=\"fancy-media-wrap  layzr-bg\" style=\"\"><img decoding=\"async\" class=\"preload-me lazy-load aspect\" src=\"data:image\/svg+xml,%3Csvg%20xmlns%3D&#39;http%3A%2F%2Fwww.w3.org%2F2000%2Fsvg&#39;%20viewBox%3D&#39;0%200%20700%20700&#39;%2F%3E\" data-src=\"https:\/\/www.difrol.cl\/wp-content\/uploads\/2023\/10\/Pedro_PabloDIRFRON-700x700.jpeg\" data-srcset=\"https:\/\/www.difrol.cl\/wp-content\/uploads\/2023\/10\/Pedro_PabloDIRFRON-700x700.jpeg 700w, https:\/\/www.difrol.cl\/wp-content\/uploads\/2023\/10\/Pedro_PabloDIRFRON-900x900.jpeg 900w\" loading=\"eager\" sizes=\"(max-width: 700px) 100vw, 700px\" width=\"700\" height=\"700\"  data-dt-location=\"https:\/\/www.difrol.cl\/en\/about-us\/pedro_pablodirfron-2\/\" style=\"--ratio: 700 \/ 700;\" alt=\"\" \/><\/div><\/div><\/div>[\/vc_column_inner][vc_column_inner width=&#8221;2\/3&#8243; css=&#8221;.vc_custom_1525455536118{padding-bottom: 30px !important;}&#8221;]<div id=\"ultimate-heading-643569e83065235ed\" class=\"uvc-heading ult-adjust-bottom-margin ultimate-heading-643569e83065235ed uvc-8175 \" data-hspacer=\"no_spacer\"  data-halign=\"left\" style=\"text-align:left\"><div class=\"uvc-heading-spacer no_spacer\" style=\"top\"><\/div><div class=\"uvc-main-heading ult-responsive\"  data-ultimate-target='.uvc-heading.ultimate-heading-643569e83065235ed h2'  data-responsive-json-new='{\"font-size\":\"desktop:20px;\",\"line-height\":\"desktop:30px;\"}' ><h2 style=\"font-weight:bold;\">Pedro Pablo Silva S\u00e1nchez<\/h2><\/div><div class=\"uvc-sub-heading ult-responsive\"  data-ultimate-target='.uvc-heading.ultimate-heading-643569e83065235ed .uvc-sub-heading '  data-responsive-json-new='{\"font-size\":\"desktop:16px;\",\"line-height\":\"desktop:26px;\"}'  style=\"font-weight:bold;color:#bbbbbb;margin-bottom:20px;\">Director of Borders<\/div><\/div>[vc_column_text css=&#8221;.vc_custom_1697817233090{padding-bottom: 20px !important;}&#8221;]<\/p>\n<p style=\"text-align: justify;\">Pedro Pablo Silva S\u00e1nchez, lawyer, has been the Director of Frontiers since October 2023, when he was appointed through the Senior Executive Service System.<\/p>\n<p style=\"text-align: justify;\">Mr. Silva holds a PhD (Dr.iur) degree in international law, from the University of Bremen, a Master of Laws (LL.M) in Global Environment and Climate Change Law from the University of Edimburgh, and a Master of Laws (LL.M) degree in International Law, Investments, Trade and Arbitration from the Universities of Heidelberg and Chile.<\/p>\n<p style=\"text-align: justify;\">Currently, he is an Associate Professor at the Law School of the University of Santiago, where he teaches different subjects related to public internacional law. Also, he teaches public international law at the University Alberto Hurtado, and general international environmental law at the Master of Laws (LL.M) programme taught by the Universities of Heidelberg and Chile.<\/p>\n<p style=\"text-align: justify;\">Formerly, he was the Head of International Relations of the Ministry of Labour and Social Affairs; he was also a judicial law clerck for the Constitutional Tribunal, and a legal advisor for the General Direction on Legal Affairs of the Ministry of Foreign Affairs. Also, for several years he worked teaching public international law at the LL.M programme in International &amp; European Law Human Rights, Security &amp; Development, de la Universit\u00e9 Catholique de Lille. He was also a lecturer in international law for the B.A. in Political Management, at the University of Applies Sciences of Bremen, Hochschule Bremen \u2013 HSB, and at the Law School of the University of Bremen.<\/p>\n<p>[\/vc_column_text]<div class=\"aio-icon-component  vc_custom_1600975133082   style_1\"><div id=\"Info-box-wrap-1922\" class=\"aio-icon-box default-icon\" style=\"\"  ><div class=\"aio-icon-header\" ><h3 class=\"aio-icon-title ult-responsive\"  data-ultimate-target='#Info-box-wrap-1922 .aio-icon-title'  data-responsive-json-new='{\"font-size\":\"desktop:12px;\",\"line-height\":\"desktop:22px;\"}'  style=\"font-weight:bold;\">Telephone (56-2) 24135718<\/h3><\/div> <!-- header --><\/div> <!-- aio-icon-box --><\/div> <!-- aio-icon-component -->[\/vc_column_inner][\/vc_row_inner][\/vc_column][\/vc_row]<\/p>\n<\/div>","protected":false},"excerpt":{"rendered":"<p>[vc_row type=&#8221;vc_default&#8221; margin_top=&#8221;5&#8243; margin_bottom=&#8221;15&#8243; css=&#8221;.vc_custom_1493829267800{padding-top: 70px !important;}&#8221;][vc_column][vc_empty_space][\/vc_column][vc_column width=&#8221;1\/2&#8243; offset=&#8221;vc_col-lg-6 vc_col-md-6 vc_col-xs-12&#8243; css=&#8221;.vc_custom_1493829169670{padding-bottom: 70px !important;}&#8221;][\/vc_column][vc_column width=&#8221;1\/2&#8243; offset=&#8221;vc_col-lg-6 vc_col-md-6 vc_col-xs-12&#8243; css=&#8221;.vc_custom_1493829183360{padding-bottom: 70px !important;}&#8221;][\/vc_column][\/vc_row][vc_row bg_type=&#8221;bg_color&#8221; bg_override=&#8221;ex-full&#8221; type=&#8221;vc_default&#8221; css=&#8221;.vc_custom_1493828377672{padding-top: 70px !important;}&#8221; bg_color_value=&#8221;#f4f4f4&#8243;][vc_column offset=&#8221;vc_col-xs-12&#8243; css=&#8221;.vc_custom_1525455464328{padding-bottom: 30px !important;}&#8221;][vc_row_inner css=&#8221;.vc_custom_1493828264162{padding-bottom: 20px !important;}&#8221;][vc_column_inner width=&#8221;1\/3&#8243; css=&#8221;.vc_custom_1525455519164{padding-bottom: 30px !important;}&#8221;][\/vc_column_inner][vc_column_inner width=&#8221;2\/3&#8243; css=&#8221;.vc_custom_1525455536118{padding-bottom: 30px !important;}&#8221;][vc_column_text css=&#8221;.vc_custom_1646675477420{padding-bottom: 20px !important;}&#8221;] Lawyer and anthropologist Carlos Dettleff has been Director of&hellip;<\/p>\n","protected":false},"author":5,"featured_media":0,"parent":0,"menu_order":1,"comment_status":"closed","ping_status":"closed","template":"","meta":{"footnotes":""},"class_list":["post-1901","page","type-page","status-publish","hentry","description-off"],"_links":{"self":[{"href":"https:\/\/www.difrol.cl\/en\/wp-json\/wp\/v2\/pages\/1901","targetHints":{"allow":["GET"]}}],"collection":[{"href":"https:\/\/www.difrol.cl\/en\/wp-json\/wp\/v2\/pages"}],"about":[{"href":"https:\/\/www.difrol.cl\/en\/wp-json\/wp\/v2\/types\/page"}],"author":[{"embeddable":true,"href":"https:\/\/www.difrol.cl\/en\/wp-json\/wp\/v2\/users\/5"}],"replies":[{"embeddable":true,"href":"https:\/\/www.difrol.cl\/en\/wp-json\/wp\/v2\/comments?post=1901"}],"version-history":[{"count":34,"href":"https:\/\/www.difrol.cl\/en\/wp-json\/wp\/v2\/pages\/1901\/revisions"}],"predecessor-version":[{"id":6177,"href":"https:\/\/www.difrol.cl\/en\/wp-json\/wp\/v2\/pages\/1901\/revisions\/6177"}],"wp:attachment":[{"href":"https:\/\/www.difrol.cl\/en\/wp-json\/wp\/v2\/media?parent=1901"}],"curies":[{"name":"wp","href":"https:\/\/api.w.org\/{rel}","templated":true}]}}