{"id":1944,"date":"2018-09-11T17:49:26","date_gmt":"2018-09-11T17:49:26","guid":{"rendered":"http:\/\/www.difrol.cl\/legal-instruments\/"},"modified":"2018-10-18T18:15:20","modified_gmt":"2018-10-18T21:15:20","slug":"bordering-treaties","status":"publish","type":"page","link":"https:\/\/www.difrol.cl\/en\/bordering-treaties\/","title":{"rendered":"Bordering Treaties"},"content":{"rendered":"<div class=\"wpb-content-wrapper\"><p>[vc_row][vc_column]<div id=\"ultimate-heading-7666a086b2114d66\" class=\"uvc-heading ult-adjust-bottom-margin ultimate-heading-7666a086b2114d66 uvc-5308 accent-border-color\" data-hspacer=\"line_only\"  data-halign=\"left\" style=\"text-align:left\"><div class=\"uvc-main-heading ult-responsive\"  data-ultimate-target='.uvc-heading.ultimate-heading-7666a086b2114d66 h2'  data-responsive-json-new='{\"font-size\":\"desktop:26px;\",\"line-height\":\"desktop:36px;\"}' ><h2 style=\"font-weight:bold;\">Bordering Treaties<\/h2><\/div><div class=\"uvc-heading-spacer line_only\" style=\"margin-top:15px;margin-bottom:50px;height:4px;\"><span class=\"uvc-headings-line\" style=\"border-style:solid;border-bottom-width:4px;border-color:#dd3333;width:50px;\"><\/span><\/div><\/div>[vc_column_text]Bordering Treaties refers to agreements, conventions, protocols, treaties, additional minutes, statements, arbitrary awards, among other, that delimit the international limits of the country. These are made available to the citizenry classified by country.[\/vc_column_text][vc_empty_space][vc_tta_accordion style=&#8221;modern&#8221; c_icon=&#8221;chevron&#8221; c_position=&#8221;right&#8221; active_section=&#8221;100&#8243; no_fill=&#8221;true&#8221; collapsible_all=&#8221;true&#8221;][vc_tta_section title=&#8221;Per\u00fa&#8221; tab_id=&#8221;peru&#8221;][vc_column_text]<div class='w3eden'>\n    <div class=''>\n\n        \n        <div id=\"content_wpdm_package_1\">\n            <div class='row'><div class='col-lg-12 col-md-6 col-12'><!-- WPDM Link Template: Default Template (Extended) -->\n\n<div class=\"card card-default\">\n    <div class=\"card-body\">\n \n    <div class=\"media\">\n        <div class=\"pull-left\"><img decoding=\"async\" class=\"wpdm_icon\" alt=\"Icon\"   src=\"https:\/\/www.difrol.cl\/wp-content\/plugins\/download-manager\/assets\/file-type-icons\/pdf.png\" \/><\/div>\n        <div class=\"media-body\"><strong class=\"ptitle\">Tratado chileno-peruano (1929)<\/strong>\n            \n            <div><strong><a class='wpdm-download-link download-on-click btn btn-primary ' rel='nofollow' href='#' data-downloadurl=\"https:\/\/www.difrol.cl\/en\/download\/tratado-chileno-peruano-1929\/?wpdmdl=1302&refresh=6a086b21175471778936609\">Download<\/a><\/strong><\/div>\n        <\/div>\n    <\/div>\n \n \n    <\/div>\n    <div class=\"card-footer\"><span class=\"pull-right\">1701 downloads<\/span>152.13 KB<\/div>\n<\/div><\/div><div class='col-lg-12 col-md-6 col-12'><!-- WPDM Link Template: Default Template (Extended) -->\n\n<div class=\"card card-default\">\n    <div class=\"card-body\">\n \n    <div class=\"media\">\n        <div class=\"pull-left\"><img decoding=\"async\" class=\"wpdm_icon\" alt=\"Icon\"   src=\"https:\/\/www.difrol.cl\/wp-content\/plugins\/download-manager\/assets\/file-type-icons\/pdf.png\" \/><\/div>\n        <div class=\"media-body\"><strong class=\"ptitle\">Protocolo Complementario (1929)<\/strong>\n            \n            <div><strong><a class='wpdm-download-link download-on-click btn btn-primary ' rel='nofollow' href='#' data-downloadurl=\"https:\/\/www.difrol.cl\/en\/download\/protocolo-complementario-de-3-de-junio-de-1929\/?wpdmdl=1301&refresh=6a086b211c48c1778936609\">Download<\/a><\/strong><\/div>\n        <\/div>\n    <\/div>\n \n \n    <\/div>\n    <div class=\"card-footer\"><span class=\"pull-right\">639 downloads<\/span>142.46 KB<\/div>\n<\/div><\/div><div class='col-lg-12 col-md-6 col-12'><!-- WPDM Link Template: Default Template (Extended) -->\n\n<div class=\"card card-default\">\n    <div class=\"card-body\">\n \n    <div class=\"media\">\n        <div class=\"pull-left\"><img decoding=\"async\" class=\"wpdm_icon\" alt=\"Icon\"   src=\"https:\/\/www.difrol.cl\/wp-content\/plugins\/download-manager\/assets\/file-type-icons\/pdf.png\" \/><\/div>\n        <div class=\"media-body\"><strong class=\"ptitle\">Acta relativa a la Demarcaci\u00f3n de la L\u00ednea de Frontera (1930)<\/strong>\n            \n            <div><strong><a class='wpdm-download-link download-on-click btn btn-primary ' rel='nofollow' href='#' data-downloadurl=\"https:\/\/www.difrol.cl\/en\/download\/acta-relativa-a-la-demarcacion-de-la-linea-de-frontera-1930\/?wpdmdl=2094&refresh=6a086b2120adf1778936609\">Download<\/a><\/strong><\/div>\n        <\/div>\n    <\/div>\n \n \n    <\/div>\n    <div class=\"card-footer\"><span class=\"pull-right\">818 downloads<\/span>1,013.60 KB<\/div>\n<\/div><\/div><div class='col-lg-12 col-md-6 col-12'><!-- WPDM Link Template: Default Template (Extended) -->\n\n<div class=\"card card-default\">\n    <div class=\"card-body\">\n \n    <div class=\"media\">\n        <div class=\"pull-left\"><img decoding=\"async\" class=\"wpdm_icon\" alt=\"Icon\"   src=\"https:\/\/www.difrol.cl\/wp-content\/plugins\/download-manager\/assets\/file-type-icons\/pdf.png\" \/><\/div>\n        <div class=\"media-body\"><strong class=\"ptitle\">Acuerdo sobre conservaci\u00f3n de hitos el la frontera com\u00fan Chile-Per\u00fa (1997)<\/strong>\n            \n            <div><strong><a class='wpdm-download-link download-on-click btn btn-primary ' rel='nofollow' href='#' data-downloadurl=\"https:\/\/www.difrol.cl\/en\/download\/acuerdo-sobre-conservacion-de-hitos-el-la-frontera-comun-chile-peru\/?wpdmdl=2523&refresh=6a086b2124e0c1778936609\">Download<\/a><\/strong><\/div>\n        <\/div>\n    <\/div>\n \n \n    <\/div>\n    <div class=\"card-footer\"><span class=\"pull-right\">733 downloads<\/span>150.96 KB<\/div>\n<\/div><\/div><\/div>            <div style='clear:both'><\/div><div class='text-center'><ul class='pagination wpdm-pagination pagination-centered text-center'><\/ul><\/div><div style='clear:both'><\/div>        <\/div>\n\n        <div style='clear:both'><\/div>\n    <\/div>\n<\/div>\n[\/vc_column_text][\/vc_tta_section][vc_tta_section title=&#8221;Bolivia&#8221; tab_id=&#8221;bolivia&#8221;][vc_column_text]<div class='w3eden'>\n    <div class=''>\n\n        \n        <div id=\"content_wpdm_package_2\">\n            <div class='row'><div class='col-lg-12 col-md-6 col-12'><!-- WPDM Link Template: Default Template (Extended) -->\n\n<div class=\"card card-default\">\n    <div class=\"card-body\">\n \n    <div class=\"media\">\n        <div class=\"pull-left\"><img decoding=\"async\" class=\"wpdm_icon\" alt=\"Icon\"   src=\"https:\/\/www.difrol.cl\/wp-content\/plugins\/download-manager\/assets\/file-type-icons\/pdf.png\" \/><\/div>\n        <div class=\"media-body\"><strong class=\"ptitle\">Tratado de Paz y Amistad (1904)<\/strong>\n            \n            <div><strong><a class='wpdm-download-link download-on-click btn btn-primary ' rel='nofollow' href='#' data-downloadurl=\"https:\/\/www.difrol.cl\/en\/download\/tratado-de-paz-y-amistad-1904\/?wpdmdl=1307&refresh=6a086b212a2dc1778936609\">Download<\/a><\/strong><\/div>\n        <\/div>\n    <\/div>\n \n \n    <\/div>\n    <div class=\"card-footer\"><span class=\"pull-right\">1044 downloads<\/span>166.23 KB<\/div>\n<\/div><\/div><div class='col-lg-12 col-md-6 col-12'><!-- WPDM Link Template: Default Template (Extended) -->\n\n<div class=\"card card-default\">\n    <div class=\"card-body\">\n \n    <div class=\"media\">\n        <div class=\"pull-left\"><img decoding=\"async\" class=\"wpdm_icon\" alt=\"Icon\"   src=\"https:\/\/www.difrol.cl\/wp-content\/plugins\/download-manager\/assets\/file-type-icons\/pdf.png\" \/><\/div>\n        <div class=\"media-body\"><strong class=\"ptitle\">Convenio sobre canje de territorios en Zona Fronteriza (1907)<\/strong>\n            \n            <div><strong><a class='wpdm-download-link download-on-click btn btn-primary ' rel='nofollow' href='#' data-downloadurl=\"https:\/\/www.difrol.cl\/en\/download\/convenio-sobre-canje-de-territorios-1907\/?wpdmdl=1305&refresh=6a086b212e6081778936609\">Download<\/a><\/strong><\/div>\n        <\/div>\n    <\/div>\n \n \n    <\/div>\n    <div class=\"card-footer\"><span class=\"pull-right\">593 downloads<\/span>139.46 KB<\/div>\n<\/div><\/div><div class='col-lg-12 col-md-6 col-12'><!-- WPDM Link Template: Default Template (Extended) -->\n\n<div class=\"card card-default\">\n    <div class=\"card-body\">\n \n    <div class=\"media\">\n        <div class=\"pull-left\"><img decoding=\"async\" class=\"wpdm_icon\" alt=\"Icon\"   src=\"https:\/\/www.difrol.cl\/wp-content\/plugins\/download-manager\/assets\/file-type-icons\/pdf.png\" \/><\/div>\n        <div class=\"media-body\"><strong class=\"ptitle\">Protocolo sobre conservaci\u00f3n de hitos fronterizos Chile-Bolivia (1949)<\/strong>\n            \n            <div><strong><a class='wpdm-download-link download-on-click btn btn-primary ' rel='nofollow' href='#' data-downloadurl=\"https:\/\/www.difrol.cl\/en\/download\/protocolo-sobre-conservacion-de-hitos-fronterizos-chile-bolivia\/?wpdmdl=2524&refresh=6a086b21329761778936609\">Download<\/a><\/strong><\/div>\n        <\/div>\n    <\/div>\n \n \n    <\/div>\n    <div class=\"card-footer\"><span class=\"pull-right\">640 downloads<\/span>149.45 KB<\/div>\n<\/div><\/div><\/div>            <div style='clear:both'><\/div><div class='text-center'><ul class='pagination wpdm-pagination pagination-centered text-center'><\/ul><\/div><div style='clear:both'><\/div>        <\/div>\n\n        <div style='clear:both'><\/div>\n    <\/div>\n<\/div>\n[\/vc_column_text][\/vc_tta_section][vc_tta_section title=&#8221;Argentina&#8221; tab_id=&#8221;argentina&#8221;][vc_column_text]This section includes some of the instruments that delimit the boundary between Chile and Argentina, however, it is noted that there are other instruments agreed between both parties regarding the delimitation of the common boundary that are not contained here.<\/p>\n<div class='w3eden'>\n    <div class=''>\n\n        \n        <div id=\"content_wpdm_package_3\">\n            <div class='row'><div class='col-lg-12 col-md-6 col-12'><!-- WPDM Link Template: Default Template (Extended) -->\n\n<div class=\"card card-default\">\n    <div class=\"card-body\">\n \n    <div class=\"media\">\n        <div class=\"pull-left\"><img decoding=\"async\" class=\"wpdm_icon\" alt=\"Icon\"   src=\"https:\/\/www.difrol.cl\/wp-content\/plugins\/download-manager\/assets\/file-type-icons\/pdf.png\" \/><\/div>\n        <div class=\"media-body\"><strong class=\"ptitle\">Tratado de L\u00edmites (1881)<\/strong>\n            \n            <div><strong><a class='wpdm-download-link download-on-click btn btn-primary ' rel='nofollow' href='#' data-downloadurl=\"https:\/\/www.difrol.cl\/en\/download\/tratado-de-limites-1881\/?wpdmdl=1317&refresh=6a086b21381251778936609\">Download<\/a><\/strong><\/div>\n        <\/div>\n    <\/div>\n \n \n    <\/div>\n    <div class=\"card-footer\"><span class=\"pull-right\">2008 downloads<\/span>150.12 KB<\/div>\n<\/div><\/div><div class='col-lg-12 col-md-6 col-12'><!-- WPDM Link Template: Default Template (Extended) -->\n\n<div class=\"card card-default\">\n    <div class=\"card-body\">\n \n    <div class=\"media\">\n        <div class=\"pull-left\"><img decoding=\"async\" class=\"wpdm_icon\" alt=\"Icon\"   src=\"https:\/\/www.difrol.cl\/wp-content\/plugins\/download-manager\/assets\/file-type-icons\/pdf.png\" \/><\/div>\n        <div class=\"media-body\"><strong class=\"ptitle\">Protocolo de L\u00edmites (1893)<\/strong>\n            \n            <div><strong><a class='wpdm-download-link download-on-click btn btn-primary ' rel='nofollow' href='#' data-downloadurl=\"https:\/\/www.difrol.cl\/en\/download\/protocolo-de-limites-1893\/?wpdmdl=1316&refresh=6a086b213c4fe1778936609\">Download<\/a><\/strong><\/div>\n        <\/div>\n    <\/div>\n \n \n    <\/div>\n    <div class=\"card-footer\"><span class=\"pull-right\">771 downloads<\/span>155.95 KB<\/div>\n<\/div><\/div><div class='col-lg-12 col-md-6 col-12'><!-- WPDM Link Template: Default Template (Extended) -->\n\n<div class=\"card card-default\">\n    <div class=\"card-body\">\n \n    <div class=\"media\">\n        <div class=\"pull-left\"><img decoding=\"async\" class=\"wpdm_icon\" alt=\"Icon\"   src=\"https:\/\/www.difrol.cl\/wp-content\/plugins\/download-manager\/assets\/file-type-icons\/pdf.png\" \/><\/div>\n        <div class=\"media-body\"><strong class=\"ptitle\">Acta Comisi\u00f3n Demarcadora de la Puna de Atacama (1899)<\/strong>\n            \n            <div><strong><a class='wpdm-download-link download-on-click btn btn-primary ' rel='nofollow' href='#' data-downloadurl=\"https:\/\/www.difrol.cl\/en\/download\/acta-comision-demarcadora-de-la-puna-de-atacama-1899\/?wpdmdl=2095&refresh=6a086b21408161778936609\">Download<\/a><\/strong><\/div>\n        <\/div>\n    <\/div>\n \n \n    <\/div>\n    <div class=\"card-footer\"><span class=\"pull-right\">459 downloads<\/span>5.85 MB<\/div>\n<\/div><\/div><div class='col-lg-12 col-md-6 col-12'><!-- WPDM Link Template: Default Template (Extended) -->\n\n<div class=\"card card-default\">\n    <div class=\"card-body\">\n \n    <div class=\"media\">\n        <div class=\"pull-left\"><img decoding=\"async\" class=\"wpdm_icon\" alt=\"Icon\"   src=\"https:\/\/www.difrol.cl\/wp-content\/plugins\/download-manager\/assets\/file-type-icons\/pdf.png\" \/><\/div>\n        <div class=\"media-body\"><strong class=\"ptitle\">Fallo de 1902<\/strong>\n            \n            <div><strong><a class='wpdm-download-link download-on-click btn btn-primary ' rel='nofollow' href='#' data-downloadurl=\"https:\/\/www.difrol.cl\/en\/download\/fallo-de-1902\/?wpdmdl=2128&refresh=6a086b2144c2b1778936609\">Download<\/a><\/strong><\/div>\n        <\/div>\n    <\/div>\n \n \n    <\/div>\n    <div class=\"card-footer\"><span class=\"pull-right\">575 downloads<\/span>397.16 KB<\/div>\n<\/div><\/div><div class='col-lg-12 col-md-6 col-12'><!-- WPDM Link Template: Default Template (Extended) -->\n\n<div class=\"card card-default\">\n    <div class=\"card-body\">\n \n    <div class=\"media\">\n        <div class=\"pull-left\"><img decoding=\"async\" class=\"wpdm_icon\" alt=\"Icon\"   src=\"https:\/\/www.difrol.cl\/wp-content\/plugins\/download-manager\/assets\/file-type-icons\/pdf.png\" \/><\/div>\n        <div class=\"media-body\"><strong class=\"ptitle\">Convenci\u00f3n para fijar el L\u00edmite definitivo al norte del paralelo 23 de latitud sur (1904)<\/strong>\n            \n            <div><strong><a class='wpdm-download-link download-on-click btn btn-primary ' rel='nofollow' href='#' data-downloadurl=\"https:\/\/www.difrol.cl\/en\/download\/convencion-para-fijar-el-limite-definitivo-con-la-republica-argentina-al-norte-del-paralelo-23-de-latitud-sur\/?wpdmdl=2126&refresh=6a086b2148f391778936609\">Download<\/a><\/strong><\/div>\n        <\/div>\n    <\/div>\n \n \n    <\/div>\n    <div class=\"card-footer\"><span class=\"pull-right\">403 downloads<\/span>1.28 MB<\/div>\n<\/div><\/div><div class='col-lg-12 col-md-6 col-12'><!-- WPDM Link Template: Default Template (Extended) -->\n\n<div class=\"card card-default\">\n    <div class=\"card-body\">\n \n    <div class=\"media\">\n        <div class=\"pull-left\"><img decoding=\"async\" class=\"wpdm_icon\" alt=\"Icon\"   src=\"https:\/\/www.difrol.cl\/wp-content\/plugins\/download-manager\/assets\/file-type-icons\/pdf.png\" \/><\/div>\n        <div class=\"media-body\"><strong class=\"ptitle\">Protocolo sobre conservaci\u00f3n de hitos fronterizos Chile-Argentina (1941)<\/strong>\n            \n            <div><strong><a class='wpdm-download-link download-on-click btn btn-primary ' rel='nofollow' href='#' data-downloadurl=\"https:\/\/www.difrol.cl\/en\/download\/protocolo-sobre-conservacion-de-hitos-fronterizos-chile-argentina\/?wpdmdl=2525&refresh=6a086b214d2f11778936609\">Download<\/a><\/strong><\/div>\n        <\/div>\n    <\/div>\n \n \n    <\/div>\n    <div class=\"card-footer\"><span class=\"pull-right\">625 downloads<\/span>151.82 KB<\/div>\n<\/div><\/div><div class='col-lg-12 col-md-6 col-12'><!-- WPDM Link Template: Default Template (Extended) -->\n\n<div class=\"card card-default\">\n    <div class=\"card-body\">\n \n    <div class=\"media\">\n        <div class=\"pull-left\"><img decoding=\"async\" class=\"wpdm_icon\" alt=\"Icon\"   src=\"https:\/\/www.difrol.cl\/wp-content\/plugins\/download-manager\/assets\/file-type-icons\/pdf.png\" \/><\/div>\n        <div class=\"media-body\"><strong class=\"ptitle\">Laudo de 1966<\/strong>\n            \n            <div><strong><a class='wpdm-download-link download-on-click btn btn-primary ' rel='nofollow' href='#' data-downloadurl=\"https:\/\/www.difrol.cl\/en\/download\/laudo-de-1966\/?wpdmdl=2130&refresh=6a086b215168f1778936609\">Download<\/a><\/strong><\/div>\n        <\/div>\n    <\/div>\n \n \n    <\/div>\n    <div class=\"card-footer\"><span class=\"pull-right\">452 downloads<\/span>102.03 KB<\/div>\n<\/div><\/div><div class='col-lg-12 col-md-6 col-12'><!-- WPDM Link Template: Default Template (Extended) -->\n\n<div class=\"card card-default\">\n    <div class=\"card-body\">\n \n    <div class=\"media\">\n        <div class=\"pull-left\"><img decoding=\"async\" class=\"wpdm_icon\" alt=\"Icon\"   src=\"https:\/\/www.difrol.cl\/wp-content\/plugins\/download-manager\/assets\/file-type-icons\/pdf.png\" \/><\/div>\n        <div class=\"media-body\"><strong class=\"ptitle\">Tratado de Paz y Amistad (1984)<\/strong>\n            \n            <div><strong><a class='wpdm-download-link download-on-click btn btn-primary ' rel='nofollow' href='#' data-downloadurl=\"https:\/\/www.difrol.cl\/en\/download\/tratado-de-paz-y-amistad-1984\/?wpdmdl=2115&refresh=6a086b2155a781778936609\">Download<\/a><\/strong><\/div>\n        <\/div>\n    <\/div>\n \n \n    <\/div>\n    <div class=\"card-footer\"><span class=\"pull-right\">1123 downloads<\/span>1.99 MB<\/div>\n<\/div><\/div><div class='col-lg-12 col-md-6 col-12'><!-- WPDM Link Template: Default Template (Extended) -->\n\n<div class=\"card card-default\">\n    <div class=\"card-body\">\n \n    <div class=\"media\">\n        <div class=\"pull-left\"><img decoding=\"async\" class=\"wpdm_icon\" alt=\"Icon\"   src=\"https:\/\/www.difrol.cl\/wp-content\/plugins\/download-manager\/assets\/file-type-icons\/pdf.png\" \/><\/div>\n        <div class=\"media-body\"><strong class=\"ptitle\">Declaraci\u00f3n Presidencial sobre L\u00edmites (1991)<\/strong>\n            \n            <div><strong><a class='wpdm-download-link download-on-click btn btn-primary ' rel='nofollow' href='#' data-downloadurl=\"https:\/\/www.difrol.cl\/en\/download\/declaracion-presidencial-sobre-limites-1991\/?wpdmdl=2096&refresh=6a086b2159da61778936609\">Download<\/a><\/strong><\/div>\n        <\/div>\n    <\/div>\n \n \n    <\/div>\n    <div class=\"card-footer\"><span class=\"pull-right\">757 downloads<\/span>179.45 KB<\/div>\n<\/div><\/div><div class='col-lg-12 col-md-6 col-12'><!-- WPDM Link Template: Default Template (Extended) -->\n\n<div class=\"card card-default\">\n    <div class=\"card-body\">\n \n    <div class=\"media\">\n        <div class=\"pull-left\"><img decoding=\"async\" class=\"wpdm_icon\" alt=\"Icon\"   src=\"https:\/\/www.difrol.cl\/wp-content\/plugins\/download-manager\/assets\/file-type-icons\/pdf.png\" \/><\/div>\n        <div class=\"media-body\"><strong class=\"ptitle\">Acuerdo para precisar el recorrido del L\u00edmite desde el Monte Fitz Roy hasta el Cerro Daudet (1998)<\/strong>\n            \n            <div><strong><a class='wpdm-download-link download-on-click btn btn-primary ' rel='nofollow' href='#' data-downloadurl=\"https:\/\/www.difrol.cl\/en\/download\/acuerdo-para-precisar-el-recorrido-del-limite-desde-el-monte-fitz-roy-hasta-el-cerro-daudet-1998\/?wpdmdl=1311&refresh=6a086b215e0c11778936609\">Download<\/a><\/strong><\/div>\n        <\/div>\n    <\/div>\n \n \n    <\/div>\n    <div class=\"card-footer\"><span class=\"pull-right\">1383 downloads<\/span>484.21 KB<\/div>\n<\/div><\/div><\/div>            <div style='clear:both'><\/div><div class='text-center'><ul class='pagination wpdm-pagination pagination-centered text-center'><li><span aria-current=\"page\" class=\"page-numbers current\">1<\/span><\/li><li><a data-container='#content_wpdm_package_3' class=\"page-numbers\" href=\"https:\/\/www.difrol.cl\/en\/wp-json\/wp\/v2\/pages\/1944\/?cp=2\">2<\/a><\/li><li><a data-container='#content_wpdm_package_3' class=\"next page-numbers\" href=\"https:\/\/www.difrol.cl\/en\/wp-json\/wp\/v2\/pages\/1944\/?cp=2\"> <i style=\"display: inline-block;width: 8px;height: 8px;border-right: 2px solid;border-top: 2px solid;transform: rotate(45deg);margin-left: -2px;margin-top: -2px;\"><\/i> <\/a><\/li><\/ul><\/div><div style='clear:both'><\/div>        <\/div>\n\n        <div style='clear:both'><\/div>\n    <\/div>\n<\/div>\n[\/vc_column_text][\/vc_tta_section][\/vc_tta_accordion][\/vc_column][\/vc_row]<\/p>\n<\/div>","protected":false},"excerpt":{"rendered":"<p>[vc_row][vc_column][vc_column_text]Bordering Treaties refers to agreements, conventions, protocols, treaties, additional minutes, statements, arbitrary awards, among other, that delimit the international limits of the country. These are made available to the citizenry classified by country.[\/vc_column_text][vc_empty_space][vc_tta_accordion style=&#8221;modern&#8221; c_icon=&#8221;chevron&#8221; c_position=&#8221;right&#8221; active_section=&#8221;100&#8243; no_fill=&#8221;true&#8221; collapsible_all=&#8221;true&#8221;][vc_tta_section title=&#8221;Per\u00fa&#8221; tab_id=&#8221;peru&#8221;][vc_column_text][\/vc_column_text][\/vc_tta_section][vc_tta_section title=&#8221;Bolivia&#8221; tab_id=&#8221;bolivia&#8221;][vc_column_text][\/vc_column_text][\/vc_tta_section][vc_tta_section title=&#8221;Argentina&#8221; tab_id=&#8221;argentina&#8221;][vc_column_text]This section includes some of the instruments that delimit the boundary&hellip;<\/p>\n","protected":false},"author":5,"featured_media":0,"parent":0,"menu_order":5,"comment_status":"closed","ping_status":"closed","template":"","meta":{"footnotes":""},"class_list":["post-1944","page","type-page","status-publish","hentry","description-off"],"_links":{"self":[{"href":"https:\/\/www.difrol.cl\/en\/wp-json\/wp\/v2\/pages\/1944","targetHints":{"allow":["GET"]}}],"collection":[{"href":"https:\/\/www.difrol.cl\/en\/wp-json\/wp\/v2\/pages"}],"about":[{"href":"https:\/\/www.difrol.cl\/en\/wp-json\/wp\/v2\/types\/page"}],"author":[{"embeddable":true,"href":"https:\/\/www.difrol.cl\/en\/wp-json\/wp\/v2\/users\/5"}],"replies":[{"embeddable":true,"href":"https:\/\/www.difrol.cl\/en\/wp-json\/wp\/v2\/comments?post=1944"}],"version-history":[{"count":8,"href":"https:\/\/www.difrol.cl\/en\/wp-json\/wp\/v2\/pages\/1944\/revisions"}],"predecessor-version":[{"id":2114,"href":"https:\/\/www.difrol.cl\/en\/wp-json\/wp\/v2\/pages\/1944\/revisions\/2114"}],"wp:attachment":[{"href":"https:\/\/www.difrol.cl\/en\/wp-json\/wp\/v2\/media?parent=1944"}],"curies":[{"name":"wp","href":"https:\/\/api.w.org\/{rel}","templated":true}]}}